{"id":43,"date":"2019-08-01T13:16:01","date_gmt":"2019-08-01T13:16:01","guid":{"rendered":"http:\/\/www.pasqualinabarazza.ch\/?page_id=43"},"modified":"2024-12-11T07:08:18","modified_gmt":"2024-12-11T07:08:18","slug":"contact","status":"publish","type":"page","link":"https:\/\/www.pasqualinabarazza.ch\/?page_id=43","title":{"rendered":"contact"},"content":{"rendered":"\n<p class=\"has-medium-font-size\">Get in touch<\/p>\n\n\n\n<div class=\"wp-block-columns has-2-columns is-layout-flex wp-container-core-columns-is-layout-1 wp-block-columns-is-layout-flex\">\n<div class=\"wp-block-column is-layout-flow wp-block-column-is-layout-flow\">\n<p>Some of my quilts can be purchased. <br>Quilts can be commissioned too. <br><br>Questions? Let&#8217;s talk:<br>contact at pasqualinabarazza.ch<\/p>\n<\/div>\n\n\n\n<div class=\"wp-block-column is-layout-flow wp-block-column-is-layout-flow\">\n<p>Einige meiner Quilts sind verk\u00e4uflich.<br>Quilts k\u00f6nnen auch in Auftrag gegeben werden.<br><br>Fragen? Sprechen wir dar\u00fcber:<br>contact at pasqualinabarazza.ch<\/p>\n<\/div>\n<\/div>\n\n\n\n<p>You can learn more about me and see pictures of my work in progress by finding me on <a href=\"https:\/\/www.instagram.com\/ergo_ago_pasqualina\/?ref=badge\" target=\"_blank\" rel=\"noreferrer noopener\"><u>Instagram<\/u><\/a> or visiting my <u><a aria-label=\" (opens in a new tab)\" href=\"http:\/\/pasqualinathisandthat.blogspot.com\/\" target=\"_blank\" rel=\"noreferrer noopener\">Blog<\/a><\/u>.<br>Erfahre mehr \u00fcber mich und meinen Arbeitsprozess auf <u><a aria-label=\" (opens in a new tab)\" href=\"https:\/\/www.instagram.com\/ergo_ago_pasqualina\/?ref=badge\" target=\"_blank\" rel=\"noreferrer noopener\">Instagram<\/a><\/u> oder besuche meinen <u><a aria-label=\" (opens in a new tab)\" href=\"http:\/\/pasqualinathisandthat.blogspot.com\/\" target=\"_blank\" rel=\"noreferrer noopener\">Blog<\/a><\/u>.<br><\/p>\n\n\n\n<hr class=\"wp-block-separator has-css-opacity\"\/>\n\n\n\n<div class=\"wp-block-columns has-2-columns is-layout-flex wp-container-core-columns-is-layout-2 wp-block-columns-is-layout-flex\">\n<div class=\"wp-block-column is-layout-flow wp-block-column-is-layout-flow\">\n<p>Or get in touch by using this form:         <\/p>\n<\/div>\n\n\n\n<div class=\"wp-block-column is-layout-flow wp-block-column-is-layout-flow\">\n<p>Oder verwende dieses Kontaktformular:<\/p>\n<\/div>\n<\/div>\n\n\n\n<div class=\"wpcf7 no-js\" id=\"wpcf7-f247-o1\" lang=\"en\" dir=\"ltr\" data-wpcf7-id=\"247\">\n<div class=\"screen-reader-response\"><p role=\"status\" aria-live=\"polite\" aria-atomic=\"true\"><\/p> <ul><\/ul><\/div>\n<form action=\"\/index.php?rest_route=%2Fwp%2Fv2%2Fpages%2F43#wpcf7-f247-o1\" method=\"post\" class=\"wpcf7-form init\" aria-label=\"Contact form\" novalidate=\"novalidate\" data-status=\"init\">\n<div style=\"display: none;\">\n<input type=\"hidden\" name=\"_wpcf7\" value=\"247\" \/>\n<input type=\"hidden\" name=\"_wpcf7_version\" value=\"6.0.1\" \/>\n<input type=\"hidden\" name=\"_wpcf7_locale\" value=\"en\" \/>\n<input type=\"hidden\" name=\"_wpcf7_unit_tag\" value=\"wpcf7-f247-o1\" \/>\n<input type=\"hidden\" name=\"_wpcf7_container_post\" value=\"0\" \/>\n<input type=\"hidden\" name=\"_wpcf7_posted_data_hash\" value=\"\" \/>\n<\/div>\n<p><label> Your Name (required)<br \/>\n<span class=\"wpcf7-form-control-wrap\" data-name=\"your-name\"><input size=\"40\" maxlength=\"400\" class=\"wpcf7-form-control wpcf7-text wpcf7-validates-as-required\" aria-required=\"true\" aria-invalid=\"false\" value=\"\" type=\"text\" name=\"your-name\" \/><\/span> <\/label>\n<\/p>\n<p><label> Your Email (required)<br \/>\n<span class=\"wpcf7-form-control-wrap\" data-name=\"your-email\"><input size=\"40\" maxlength=\"400\" class=\"wpcf7-form-control wpcf7-email wpcf7-validates-as-required wpcf7-text wpcf7-validates-as-email\" aria-required=\"true\" aria-invalid=\"false\" value=\"\" type=\"email\" name=\"your-email\" \/><\/span> <\/label>\n<\/p>\n<p><label> Subject<br \/>\n<span class=\"wpcf7-form-control-wrap\" data-name=\"your-subject\"><input size=\"40\" maxlength=\"400\" class=\"wpcf7-form-control wpcf7-text\" aria-invalid=\"false\" value=\"\" type=\"text\" name=\"your-subject\" \/><\/span> <\/label>\n<\/p>\n<p><label> Your Message<br \/>\n<span class=\"wpcf7-form-control-wrap\" data-name=\"your-message\"><textarea cols=\"40\" rows=\"10\" maxlength=\"2000\" class=\"wpcf7-form-control wpcf7-textarea\" aria-invalid=\"false\" name=\"your-message\"><\/textarea><\/span> <\/label>\n<\/p>\n<p><input class=\"wpcf7-form-control wpcf7-submit has-spinner\" type=\"submit\" value=\"Send\" \/>\n<\/p><div class=\"wpcf7-response-output\" aria-hidden=\"true\"><\/div>\n<\/form>\n<\/div>\n\n","protected":false},"excerpt":{"rendered":"<p>Get in touch Some of my quilts can be purchased. Quilts can be commissioned too. Questions? Let&#8217;s talk:contact at pasqualinabarazza.ch Einige meiner Quilts sind verk\u00e4uflich.Quilts k\u00f6nnen auch in Auftrag gegeben werden. Fragen? Sprechen wir dar\u00fcber:contact at pasqualinabarazza.ch You can learn more about me and see pictures of my work in progress by finding me on Instagram or visiting my Blog.Erfahre mehr \u00fcber mich und meinen Arbeitsprozess auf Instagram oder besuche<\/p>\n<div class=\"read-more\"><a class=\"btn read-more-btn\" href=\"https:\/\/www.pasqualinabarazza.ch\/?page_id=43\">Read More<\/a><\/div>\n","protected":false},"author":1,"featured_media":0,"parent":0,"menu_order":0,"comment_status":"closed","ping_status":"closed","template":"","meta":{"ngg_post_thumbnail":0,"footnotes":""},"class_list":["post-43","page","type-page","status-publish","hentry"],"_links":{"self":[{"href":"https:\/\/www.pasqualinabarazza.ch\/index.php?rest_route=\/wp\/v2\/pages\/43","targetHints":{"allow":["GET"]}}],"collection":[{"href":"https:\/\/www.pasqualinabarazza.ch\/index.php?rest_route=\/wp\/v2\/pages"}],"about":[{"href":"https:\/\/www.pasqualinabarazza.ch\/index.php?rest_route=\/wp\/v2\/types\/page"}],"author":[{"embeddable":true,"href":"https:\/\/www.pasqualinabarazza.ch\/index.php?rest_route=\/wp\/v2\/users\/1"}],"replies":[{"embeddable":true,"href":"https:\/\/www.pasqualinabarazza.ch\/index.php?rest_route=%2Fwp%2Fv2%2Fcomments&post=43"}],"version-history":[{"count":29,"href":"https:\/\/www.pasqualinabarazza.ch\/index.php?rest_route=\/wp\/v2\/pages\/43\/revisions"}],"predecessor-version":[{"id":969,"href":"https:\/\/www.pasqualinabarazza.ch\/index.php?rest_route=\/wp\/v2\/pages\/43\/revisions\/969"}],"wp:attachment":[{"href":"https:\/\/www.pasqualinabarazza.ch\/index.php?rest_route=%2Fwp%2Fv2%2Fmedia&parent=43"}],"curies":[{"name":"wp","href":"https:\/\/api.w.org\/{rel}","templated":true}]}}